{"id":2819,"date":"2024-07-10T14:19:45","date_gmt":"2024-07-10T14:19:45","guid":{"rendered":"https:\/\/pyremade.com\/prog\/?page_id=2819"},"modified":"2024-09-25T11:37:03","modified_gmt":"2024-09-25T11:37:03","slug":"avis-legal","status":"publish","type":"page","link":"https:\/\/pyremade.com\/ca\/avis-legal\/","title":{"rendered":"Avis Legal"},"content":{"rendered":"\n<p><\/p>\n\n\n\n<h2 class=\"nm-block-heading wp-block-heading\"><strong>AVIS LEGAL&nbsp;<\/strong><\/h2>\n\n\n\n<p>Aquest av\u00eds legal recull les condicions generals que regulen l&#8217;acc\u00e9s i l&#8217;\u00fas de la plana web i botiga en l\u00ednea <a href=\"https:\/\/pyremade.com\/\">https:\/\/pyremade.com\/<\/a> , d&#8217;ara endavant &#8220;lloc WEB&#8221;, del qual \u00e9s titular i propiet\u00e0ria Pyremade SL,\u00a0 societat domiciliada a <img decoding=\"async\" width=\"150\" height=\"20\" class=\"wp-image-3052\" style=\"width: 150px;\" src=\"http:\/\/pyremade.com\/wp-content\/uploads\/2024\/09\/py-ad-b-1.png\" alt=\"\">, inscrita al Registre de Societats del Principat d&#8217;Andorra amb n\u00famero de registre de comer\u00e7 <img decoding=\"async\" width=\"59\" height=\"20\" class=\"wp-image-3058\" style=\"width: 59px;\" src=\"http:\/\/pyremade.com\/wp-content\/uploads\/2024\/09\/py-co-b.png\" alt=\"\"> i n\u00famero de registre tributari <img decoding=\"async\" width=\"75\" height=\"20\" class=\"wp-image-3064\" style=\"width: 75px;\" src=\"http:\/\/pyremade.com\/wp-content\/uploads\/2024\/09\/py-nt-b.png\" alt=\"\">. L&#8217;acc\u00e9s al lloc WEB \u00e9s gratu\u00eft i la seva visualitzaci\u00f3 no requereix cap registre ni subscripci\u00f3 pr\u00e8via. Correu electr\u00f2nic de contacte: <img loading=\"lazy\" decoding=\"async\" width=\"133\" height=\"20\" class=\"wp-image-3041\" style=\"width: 133px;\" src=\"http:\/\/pyremade.com\/wp-content\/uploads\/2024\/09\/py-em-b-6.png\" alt=\"\">.<\/p>\n\n\n\n<p>LIMITACI\u00d3 DE RESPONSABILITAT&nbsp;<\/p>\n\n\n\n<p>Pyremade SL no es responsabilitza dels danys i perjudicis produ\u00efts o que es puguin produir, de cap naturalesa, que es derivin de l&#8217;\u00fas de la informaci\u00f3, del contingut del lloc WEB i que poguessin ocasionar, a t\u00edtol enunciatiu i no limitatiu: errors o omissions en els continguts, falta de disponibilitat del lloc WEB o la transmissi\u00f3 de virus o programes maliciosos o lesius en els continguts, malgrat haver adoptat totes les mesures tecnol\u00f2giques necess\u00e0ries per evitar-ho. La informaci\u00f3 continguda en el lloc WEB \u00e9s la vigent en la data de l&#8217;\u00faltima actualitzaci\u00f3, i Pyremade SL no garanteix l&#8217;abs\u00e8ncia d&#8217;errors en l&#8217;acc\u00e9s a la WEB ni en el contingut, per\u00f2, adoptar\u00e0 les mesures pertinents per evitarlos, corregir-los i\/o actualitzar-los tan aviat com es detectin.&nbsp;<\/p>\n\n\n\n<p>Pyremade SL es reserva el dret de modificar i actualitzar la informaci\u00f3 del lloc WEB, la seva presentaci\u00f3 i configuraci\u00f3 i les condicions d&#8217;acc\u00e9s sense necessitat de previ av\u00eds i en qualsevol moment. Aix\u00ed mateix, Pyremade SL es reserva el dret de modificar i\/o ometre totalment o parcial els continguts del lloc WEB i restringir-ne l&#8217;acc\u00e9s. En cas que s&#8217;hagin de realitzar operacions de manteniment, reparaci\u00f3, actualitzaci\u00f3 o millora dels serveis, Pyremade SL es reserva el dret de suspendre temporalment i sense necessitat de previ av\u00eds l&#8217;acc\u00e9s a la WEB.&nbsp;<\/p>\n\n\n\n<p>RESPONSABILITAT DE L\u2019USUARI&nbsp;<\/p>\n\n\n\n<p>L&#8217;usuari \u00e9s responsable del compliment de les lleis i reglaments en vigor i de les regles aplicables a l&#8217;\u00fas que es realitzi dels productes. Tanmateix, es prohibeix l&#8217;\u00fas de la WEB contrari a la bona fe, en particular i de manera no exhaustiva: la utilitzaci\u00f3 contr\u00e0ria a la normativa andorrana o que infringeixi els drets de tercers; la publicaci\u00f3 o transmissi\u00f3 de qualsevol contingut que resulti il\u00b7legal; alterar o intervenir per mitjans fraudulents p\u00e0gines web personals o correus electr\u00f2nics o sistemes d&#8217;altres usuaris o tercers sense la seva autoritzaci\u00f3; altre contingut que vulneri els drets de la propietat intel\u00b7lectual de tercers; el recull i\/o la utilitzaci\u00f3 de dades personals d&#8217;altres usuaris sense el seu consentiment expr\u00e9s o que contravingui les disposicions de la Llei Qualificada 29\/2021 de protecci\u00f3 de dades personals; la utilitzaci\u00f3 del servidor de correu, el domini i les adreces de correu electr\u00f2nic amb finalitats de correu no desitjat, bombardeig de correu, suplantaci\u00f3 d&#8217;identitat, frau sota cust\u00f2dia de tercers, difusi\u00f3 de virus (troians, etc.) o qualsevol altre tipus d&#8217;activitat realitzada amb \u00e0nim fraudulent o delictiu. Queda expressament prohibit accedir, modificar, visualitzar la configuraci\u00f3, l&#8217;estructura i els arxius dels servidors del lloc WEB. Davant qualsevol problema que es pogu\u00e9s produir en els servidors i sistemes de seguretat de la WEB com a conseq\u00fc\u00e8ncia directa d&#8217;una actuaci\u00f3 negligent de l&#8217;usuari, aquest respondr\u00e0 per la responsabilitat civil i penal que correspongui. L&#8217;usuari respectar\u00e0 els est\u00e0ndards t\u00e8cnics disposats per el lloc&nbsp; WEB en l&#8217;administraci\u00f3 i desenvolupament dels productes utilitzats de manera que no es produeixi un \u00fas abusiu que retardi els servidors i perjudiqui la prestaci\u00f3 dels productes o drets d&#8217;altres usuaris.<\/p>\n\n\n\n<p>PROPIETAT INTEL\u00b7LECTUAL SOBRE ELS CONTINGUTS&nbsp;<\/p>\n\n\n\n<p>Tots els elements que apareixen al lloc WEB, sense limitaci\u00f3 (fotografies, m\u00fasica, sons, animacions, programari, textos, nom de domini, marques, informaci\u00f3 i contingut recopilat de tota la web, etc ) , aix\u00ed com l&#8217;estructura, el disseny gr\u00e0fic i el codi font s\u00f3n propietat de Pyremade SL, o si s&#8217;escau, de tercers que li han cedit els corresponents drets d&#8217;\u00fas, i que l&#8217;usuari d&#8217;aquest lloc web ha de respectar, i que per tant estan protegits per la normativa de propietat intel\u00b7lectual. No es podran realitzar actes totals o parcials de reproducci\u00f3, publicaci\u00f3, tractament inform\u00e0tic, distribuci\u00f3, difusi\u00f3, transformaci\u00f3, compilaci\u00f3, modificaci\u00f3, distribuci\u00f3 o comunicaci\u00f3 p\u00fablica del lloc&nbsp; WEB sense el consentiment previ i per escrit de Pyremade SL. L&#8217;acc\u00e9s per part de l&#8217;usuari als continguts i els serveis del lloc WEB no implica cap dret pel que fa a la seva transmissi\u00f3, cessi\u00f3, utilitzaci\u00f3, alteraci\u00f3, explotaci\u00f3, reproducci\u00f3, distribuci\u00f3 o comunicaci\u00f3 p\u00fablica, objecte de propietat intel\u00b7lectual, sense la pr\u00e8via i expressa autoritzaci\u00f3 espec\u00edficament atorgada a aquest efecte per part d&#8217;Pyremade SL o del tercer titular dels drets, si s&#8217;escau. Els usuaris del lloc WEB nom\u00e9s podran realitzar un \u00fas privat i personal dels seus continguts, \u00e9s a dir, nom\u00e9s tindran dret a visualitzar i realitzar c\u00f2pies dels continguts per al seu \u00fas personal i exclusiu i hauran d&#8217;aplicar aquests drets sobre la base dels principis de bona fe i la normativa aplicable.<\/p>\n","protected":false},"excerpt":{"rendered":"<p>AVIS LEGAL&nbsp; Aquest av\u00eds legal recull les condicions generals que regulen l&#8217;acc\u00e9s i l&#8217;\u00fas de la plana web i botiga en l\u00ednea https:\/\/pyremade.com\/ , d&#8217;ara endavant &#8220;lloc WEB&#8221;, del qual \u00e9s titular i propiet\u00e0ria Pyremade SL,\u00a0 societat domiciliada a , inscrita al Registre de Societats del Principat d&#8217;Andorra amb n\u00famero de registre de comer\u00e7 i &hellip;<\/p>\n","protected":false},"author":1,"featured_media":0,"parent":0,"menu_order":0,"comment_status":"closed","ping_status":"closed","template":"","meta":{"iawp_total_views":6,"footnotes":""},"class_list":["post-2819","page","type-page","status-publish","hentry"],"_links":{"self":[{"href":"https:\/\/pyremade.com\/ca\/wp-json\/wp\/v2\/pages\/2819","targetHints":{"allow":["GET"]}}],"collection":[{"href":"https:\/\/pyremade.com\/ca\/wp-json\/wp\/v2\/pages"}],"about":[{"href":"https:\/\/pyremade.com\/ca\/wp-json\/wp\/v2\/types\/page"}],"author":[{"embeddable":true,"href":"https:\/\/pyremade.com\/ca\/wp-json\/wp\/v2\/users\/1"}],"replies":[{"embeddable":true,"href":"https:\/\/pyremade.com\/ca\/wp-json\/wp\/v2\/comments?post=2819"}],"version-history":[{"count":14,"href":"https:\/\/pyremade.com\/ca\/wp-json\/wp\/v2\/pages\/2819\/revisions"}],"predecessor-version":[{"id":3127,"href":"https:\/\/pyremade.com\/ca\/wp-json\/wp\/v2\/pages\/2819\/revisions\/3127"}],"wp:attachment":[{"href":"https:\/\/pyremade.com\/ca\/wp-json\/wp\/v2\/media?parent=2819"}],"curies":[{"name":"wp","href":"https:\/\/api.w.org\/{rel}","templated":true}]}}