{"id":2790,"date":"2023-11-16T13:41:26","date_gmt":"2023-11-16T13:41:26","guid":{"rendered":"https:\/\/pyremade.com\/prog\/product\/corba-moble-angular\/"},"modified":"2024-10-07T12:46:38","modified_gmt":"2024-10-07T12:46:38","slug":"corba-moble-angular","status":"publish","type":"product","link":"https:\/\/pyremade.com\/ca\/producte\/corba-moble-angular\/","title":{"rendered":"Corba | Moble angular"},"content":{"rendered":"<p>Eleva el teu disseny interior amb Corba, una soluci\u00f3 d&#8217;emmagatzematge innovadora que reimagina el concepte tradicional de prestatgeries. Aquest sorprenent moble combina perfectament forma i funci\u00f3, oferint una nova visi\u00f3 de l&#8217;organitzaci\u00f3 i la visualitzaci\u00f3. Elaborat amb pi de primera qualitat, el Corba compta amb una estructura distintiva de tres nivells que es forma en cascada en una formaci\u00f3 angular intrigant. Cada nivell ofereix un ampli espai per mostrar les teves possessions preuades o emmagatzemar articles quotidians, el que el converteix en un complement ideal per a qualsevol habitaci\u00f3 de casa teva. Els tons c\u00e0lids i naturals de la fusta i l&#8217;acabat setinat suau de la prestatgeria desprenen una est\u00e8tica contempor\u00e0nia per\u00f2 atemporal que complementa una varietat d&#8217;estils de decoraci\u00f3. Una de les caracter\u00edstiques m\u00e9s enginyoses del Corba \u00e9s la seva base girat\u00f2ria opcional. Aquesta pr\u00e0ctica addici\u00f3 permet un acc\u00e9s f\u00e0cil a tots els costats del prestatge, perfecte per a aquells que els agrada actualitzar amb freq\u00fc\u00e8ncia els seus llibres o objectes en exhibici\u00f3 o necessiten un acc\u00e9s r\u00e0pid als articles des de diferents angles. Tant si es col\u00b7loca en un rac\u00f3 de lectura acollidor, al costat del teu llit o com a pe\u00e7a de luxe a la teva sala d&#8217;estar, el Corba s&#8217;adapta sense esfor\u00e7 a les teves necessitats. Per\u00f2 el Corba no es tracta nom\u00e9s d&#8217;emmagatzematge, sin\u00f3 que tamb\u00e9 est\u00e0 dissenyat tenint en compte la natura. La seva configuraci\u00f3 intel\u00b7ligent crea un entorn ideal per al creixement de les plantes, animant els teus amics verds a prosperar. Aquesta caracter\u00edstica \u00fanica et permet incorporar perfectament elements vius a la vostra decoraci\u00f3, aportant una alenada d&#8217;aire fresc i un toc de natura al teu llar. Vers\u00e0til, elegant i dissenyat amb cura, el prestatge Corba \u00e9s m\u00e9s que un moble: \u00e9s un llen\u00e7 per a la teva creativitat i un testimoni de la vida intel\u00b7ligent i moderna.           <\/p>\n","protected":false},"excerpt":{"rendered":"<div class=\"flex flex-grow flex-col max-w-full\">\n<div class=\"min-h-[20px] text-message flex flex-col items-start gap-3 whitespace-pre-wrap break-words [.text-message+&amp;]:mt-5 overflow-x-auto\" data-message-author-role=\"assistant\" data-message-id=\"6b9d8787-2ec5-4250-aba3-f8b1af483afc\">\n<div class=\"markdown prose w-full break-words dark:prose-invert light\">\n<div class=\"flex flex-grow flex-col max-w-full\">\n<div class=\"min-h-[20px] text-message flex flex-col items-start gap-3 whitespace-pre-wrap break-words [.text-message+&amp;]:mt-5 overflow-x-auto\" data-message-author-role=\"assistant\" data-message-id=\"5c611f61-2e40-43d4-961c-4d3134c9b920\">\n<div class=\"markdown prose w-full break-words dark:prose-invert light\"> Coneix el Corba: una estanteria de pi vers\u00e0til de tres nivells que aporta una combinaci\u00f3 \u00fanica d&#8217;estil i funcionalitat al teu espai. Perfecte per als teus articles b\u00e0sics de nit, llibres, plantes o articles de decoraci\u00f3, presenta un disseny angular atractiu amb una tonalitat c\u00e0lida i un acabat setinat. Opta per una base girat\u00f2ria per a m\u00e9s comoditat. A m\u00e9s, el seu disseny innovador fomenta el creixement de les plantes, integrant un toc de natura a casa teva. Mida amb base girat\u00f2ria: 435 x 595 mm (\u2300 x H) Mida sense base girat\u00f2ria: 435 x 576 mm (\u2300 x H) <\/div>\n<\/div>\n<\/div>\n<\/div>\n<\/div>\n<\/div>\n","protected":false},"featured_media":2902,"comment_status":"closed","ping_status":"closed","template":"","meta":{"iawp_total_views":18},"product_brand":[],"product_cat":[76],"product_tag":[],"class_list":{"0":"post-2790","1":"product","2":"type-product","3":"status-publish","4":"has-post-thumbnail","6":"product_cat-mobles","8":"first","9":"instock","10":"taxable","11":"shipping-taxable","12":"purchasable","13":"product-type-variable","14":"has-default-attributes"},"_links":{"self":[{"href":"https:\/\/pyremade.com\/ca\/wp-json\/wp\/v2\/product\/2790","targetHints":{"allow":["GET"]}}],"collection":[{"href":"https:\/\/pyremade.com\/ca\/wp-json\/wp\/v2\/product"}],"about":[{"href":"https:\/\/pyremade.com\/ca\/wp-json\/wp\/v2\/types\/product"}],"replies":[{"embeddable":true,"href":"https:\/\/pyremade.com\/ca\/wp-json\/wp\/v2\/comments?post=2790"}],"wp:featuredmedia":[{"embeddable":true,"href":"https:\/\/pyremade.com\/ca\/wp-json\/wp\/v2\/media\/2902"}],"wp:attachment":[{"href":"https:\/\/pyremade.com\/ca\/wp-json\/wp\/v2\/media?parent=2790"}],"wp:term":[{"taxonomy":"product_brand","embeddable":true,"href":"https:\/\/pyremade.com\/ca\/wp-json\/wp\/v2\/product_brand?post=2790"},{"taxonomy":"product_cat","embeddable":true,"href":"https:\/\/pyremade.com\/ca\/wp-json\/wp\/v2\/product_cat?post=2790"},{"taxonomy":"product_tag","embeddable":true,"href":"https:\/\/pyremade.com\/ca\/wp-json\/wp\/v2\/product_tag?post=2790"}],"curies":[{"name":"wp","href":"https:\/\/api.w.org\/{rel}","templated":true}]}}