{"id":3106,"date":"2024-06-12T14:12:21","date_gmt":"2024-06-12T14:12:21","guid":{"rendered":"https:\/\/pyremade.com\/prog\/product\/fragment-taula-de-cafe\/"},"modified":"2024-10-23T21:42:25","modified_gmt":"2024-10-23T21:42:25","slug":"fragment-taula-de-cafe","status":"publish","type":"product","link":"https:\/\/pyremade.com\/ca\/producte\/fragment-taula-de-cafe\/","title":{"rendered":"Fragment | Taula de caf\u00e8"},"content":{"rendered":"<p>Aix\u00f2 no \u00e9s nom\u00e9s una taula; \u00e9s una declaraci\u00f3 de visi\u00f3 art\u00edstica i d&#8217;enginy pr\u00e0ctic que crida l&#8217;atenci\u00f3 a qualsevol habitaci\u00f3. A primera vista, l&#8217;estructura segmentada de la taula crida l&#8217;atenci\u00f3 i convida a una inspecci\u00f3 m\u00e9s propera. Cada segment est\u00e0 meticulosament dissenyat per crear un tot harm\u00f2nic, que recorda l&#8217;art abstracte o els contorns en capes d&#8217;un mapa topogr\u00e0fic. Aquest enfocament \u00fanic del disseny d\u00f3na com a resultat una pe\u00e7a que \u00e9s alhora una superf\u00edcie funcional i un element escult\u00f2ric a la vostra llar. El nostre dissenyador ha aconseguit un delicat equilibri entre l&#8217;atractiu atemporal i la innovaci\u00f3 atrevida. Les l\u00ednies netes i la precisi\u00f3 geom\u00e8trica parlen dels principis cl\u00e0ssics del disseny, assegurant que la taula no sembli fora de lloc a mesura que les tend\u00e8ncies surten i van. No obstant aix\u00f2, el concepte segmentat atrevit supera els l\u00edmits, atractiu per a aquells que aprecien els mobles d&#8217;avantguarda i no tenen por de declarar-se. La versatilitat de la taula \u00e9s un dels seus punts forts. En un entorn minimalista, pot servir com a pe\u00e7a central de l&#8217;habitaci\u00f3. En un espai m\u00e9s ecl\u00e8ctic, complementa altres peces \u00faniques, contribuint a un entorn cohesionat per\u00f2 din\u00e0mic. Tant si organitzeu una vetllada sofisticada com si gaudiu d&#8217;una vetllada tranquil\u00b7la a casa, aquesta taula de caf\u00e8 segmentada s&#8217;adapta a les vostres necessitats alhora que fa una declaraci\u00f3 de disseny atrevida.<\/p>\n","protected":false},"excerpt":{"rendered":"<p>La nostra taula de caf\u00e8 segmentada compta amb un disseny atemporal per\u00f2 atrevit que supera els l\u00edmits dels mobles convencionals. La seva estructura acuradament dividida no nom\u00e9s crea un aspecte visualment sorprenent, sin\u00f3 que tamb\u00e9 mostra la seva funcionalitat. Aquesta pe\u00e7a atrevida serveix com a punt focal captivador en interiors moderns, combinant perfectament un disseny innovador amb un \u00fas quotidi\u00e0 pr\u00e0ctic.<\/p>\n","protected":false},"featured_media":2871,"comment_status":"closed","ping_status":"closed","template":"","meta":{"iawp_total_views":16},"product_brand":[],"product_cat":[76],"product_tag":[],"class_list":{"0":"post-3106","1":"product","2":"type-product","3":"status-publish","4":"has-post-thumbnail","6":"product_cat-mobles","8":"first","9":"outofstock","10":"taxable","11":"shipping-taxable","12":"purchasable","13":"product-type-simple"},"_links":{"self":[{"href":"https:\/\/pyremade.com\/ca\/wp-json\/wp\/v2\/product\/3106","targetHints":{"allow":["GET"]}}],"collection":[{"href":"https:\/\/pyremade.com\/ca\/wp-json\/wp\/v2\/product"}],"about":[{"href":"https:\/\/pyremade.com\/ca\/wp-json\/wp\/v2\/types\/product"}],"replies":[{"embeddable":true,"href":"https:\/\/pyremade.com\/ca\/wp-json\/wp\/v2\/comments?post=3106"}],"wp:featuredmedia":[{"embeddable":true,"href":"https:\/\/pyremade.com\/ca\/wp-json\/wp\/v2\/media\/2871"}],"wp:attachment":[{"href":"https:\/\/pyremade.com\/ca\/wp-json\/wp\/v2\/media?parent=3106"}],"wp:term":[{"taxonomy":"product_brand","embeddable":true,"href":"https:\/\/pyremade.com\/ca\/wp-json\/wp\/v2\/product_brand?post=3106"},{"taxonomy":"product_cat","embeddable":true,"href":"https:\/\/pyremade.com\/ca\/wp-json\/wp\/v2\/product_cat?post=3106"},{"taxonomy":"product_tag","embeddable":true,"href":"https:\/\/pyremade.com\/ca\/wp-json\/wp\/v2\/product_tag?post=3106"}],"curies":[{"name":"wp","href":"https:\/\/api.w.org\/{rel}","templated":true}]}}