{"id":3204,"date":"2024-09-03T12:27:54","date_gmt":"2024-09-03T12:27:54","guid":{"rendered":"https:\/\/pyremade.com\/product\/verdelle\/"},"modified":"2025-03-07T04:10:54","modified_gmt":"2025-03-07T04:10:54","slug":"verdelle","status":"publish","type":"product","link":"https:\/\/pyremade.com\/ca\/producte\/verdelle\/","title":{"rendered":"Verdelle"},"content":{"rendered":"<p>Dissenyada meticulosament amb fusta contraxapada de bedoll de primera qualitat, coneguda per la seva for\u00e7a i els seus bells patrons de gra, aquesta taula est\u00e0 constru\u00efda per durar. L&#8217;elecci\u00f3 del material no nom\u00e9s garanteix la longevitat, sin\u00f3 que tamb\u00e9 afegeix una textura c\u00e0lida i acollidora al vostre espai. Cada capa de fusta contraxapada est\u00e0 acuradament modelada i apilada, creant un efecte topogr\u00e0fic que \u00e9s alhora intrigant visualment i agradable al tacte. Transforma la teva zona d&#8217;estar amb la nostra excepcional taula de caf\u00e8, una veritable obra mestra que fusiona a la perfecci\u00f3 art i mobles. Aquesta pe\u00e7a extraordin\u00e0ria destaca pel seu disseny innovador, inspirat en els contorns ondulants dels paisatges naturals. A mesura que la llum juga a trav\u00e9s de la seva superf\u00edcie, crea ombres sempre canviants que donen vida a la pe\u00e7a, com la llum del sol que es mou a trav\u00e9s d&#8217;un vessant ondulant. Aquesta qualitat din\u00e0mica fa que l&#8217;aspecte de la taula canvi\u00ef subtilment al llarg del dia, oferint un punt focal en constant evoluci\u00f3 a la vostra habitaci\u00f3. Malgrat la seva naturalesa art\u00edstica, la funcionalitat no s&#8217;ha vist compromesa. La superf\u00edcie superior plana ofereix un ampli espai per a les teves tasses de caf\u00e8, llibres o articles de decoraci\u00f3. La seva construcci\u00f3 robusta pot suportar els rigors de l&#8217;\u00fas diari mantenint el seu aspecte elegant. El que diferencia aquesta taula \u00e9s la seva versatilitat. Tant si el vostre estil de decoraci\u00f3 \u00e9s modern, r\u00fastic o ecl\u00e8ctic, aquesta pe\u00e7a s&#8217;adapta molt b\u00e9. Pot servir com a pe\u00e7a central sorprenent en un entorn minimalista o complementar altres elements naturals en un espai de tem\u00e0tica m\u00e9s org\u00e0nica.<\/p>\n","protected":false},"excerpt":{"rendered":"<p>Descobreix la nostra taula de caf\u00e8 \u00fanica, feta de fusta contraxapada de bedoll d&#8217;alta qualitat. El seu disseny segmentat i en capes imita el flux natural dels paisatges, creant una pe\u00e7a central visualment sorprenent. Combinant funcionalitat amb estil art\u00edstic, aquesta taula robusta per\u00f2 elegant aporta un toc de bellesa inspirada en la natura al vostre espai vital. Cada pe\u00e7a est\u00e0 constru\u00efda amb cura per garantir la durabilitat i l&#8217;atractiu visual, la qual cosa la converteix en un complement pr\u00e0ctic i atractiu per a la vostra llar. Mides: 58 cm x 86 cm x 47,5 cm (A x L x A)<\/p>\n","protected":false},"featured_media":3572,"comment_status":"open","ping_status":"closed","template":"","meta":{"iawp_total_views":15},"product_brand":[],"product_cat":[76],"product_tag":[],"class_list":{"0":"post-3204","1":"product","2":"type-product","3":"status-publish","4":"has-post-thumbnail","6":"product_cat-mobles","8":"first","9":"instock","10":"sold-individually","11":"taxable","12":"shipping-taxable","13":"purchasable","14":"product-type-simple"},"_links":{"self":[{"href":"https:\/\/pyremade.com\/ca\/wp-json\/wp\/v2\/product\/3204","targetHints":{"allow":["GET"]}}],"collection":[{"href":"https:\/\/pyremade.com\/ca\/wp-json\/wp\/v2\/product"}],"about":[{"href":"https:\/\/pyremade.com\/ca\/wp-json\/wp\/v2\/types\/product"}],"replies":[{"embeddable":true,"href":"https:\/\/pyremade.com\/ca\/wp-json\/wp\/v2\/comments?post=3204"}],"wp:featuredmedia":[{"embeddable":true,"href":"https:\/\/pyremade.com\/ca\/wp-json\/wp\/v2\/media\/3572"}],"wp:attachment":[{"href":"https:\/\/pyremade.com\/ca\/wp-json\/wp\/v2\/media?parent=3204"}],"wp:term":[{"taxonomy":"product_brand","embeddable":true,"href":"https:\/\/pyremade.com\/ca\/wp-json\/wp\/v2\/product_brand?post=3204"},{"taxonomy":"product_cat","embeddable":true,"href":"https:\/\/pyremade.com\/ca\/wp-json\/wp\/v2\/product_cat?post=3204"},{"taxonomy":"product_tag","embeddable":true,"href":"https:\/\/pyremade.com\/ca\/wp-json\/wp\/v2\/product_tag?post=3204"}],"curies":[{"name":"wp","href":"https:\/\/api.w.org\/{rel}","templated":true}]}}