{"id":3645,"date":"2024-11-19T19:39:21","date_gmt":"2024-11-19T19:39:21","guid":{"rendered":"https:\/\/pyremade.com\/product\/terra-mitja\/"},"modified":"2024-11-25T20:18:32","modified_gmt":"2024-11-25T20:18:32","slug":"meridian","status":"publish","type":"product","link":"https:\/\/pyremade.com\/ca\/producte\/meridian\/","title":{"rendered":"Meridian"},"content":{"rendered":"<p class=\"whitespace-pre-wrap break-words\">A Pyremade, creiem que els mobles s\u00f3n m\u00e9s que un objecte: \u00e9s una narraci\u00f3 de l&#8217;artesania, el disseny i l&#8217;harmonia dels materials. La taula de centre Meridian encarna aquesta filosofia, fusionant la rica calidesa de la noguera i l&#8217;aur\u00f3 amb elements arquitect\u00f2nics contemporanis.<\/p>\n<p class=\"whitespace-pre-wrap break-words\">Elaborada amb una atenci\u00f3 meticulosa, cada taula Meridian comen\u00e7a amb una acurada selecci\u00f3 de fustes dures de primera qualitat. La noguera i l&#8217;aur\u00f3 s&#8217;escullen no nom\u00e9s per la seva integritat estructural, sin\u00f3 pels seus patrons de gra \u00fanics: cada tauler explica la seva pr\u00f2pia hist\u00f2ria de creixement i car\u00e0cter. Cada tauler es selecciona a m\u00e0, assegurant que nom\u00e9s les peces m\u00e9s excepcionals formen part del vostre espai vital.<\/p>\n<p class=\"whitespace-pre-wrap break-words\">Les potes met\u00e0l\u00b7liques triangulars de la signatura s\u00f3n m\u00e9s que una declaraci\u00f3 de disseny, proporcionant una estabilitat \u00f2ptima alhora que creen una sensaci\u00f3 de lleugeresa, aquests suports geom\u00e8trics eleven la taula tant literalment com est\u00e8ticament. Les l\u00ednies fresques i modernes del metall creen un contrast sorprenent amb la calidesa org\u00e0nica de la fusta, representant un di\u00e0leg perfecte entre el disseny natural i industrial.<\/p>\n<p class=\"whitespace-pre-wrap break-words\">Un acabat setinat transforma la superf\u00edcie de la fusta, revelant patrons de gra complexos amb una brillantor subtil i sofisticada. Aquesta t\u00e8cnica no nom\u00e9s millora la bellesa natural de la fusta, sin\u00f3 que protegeix la superf\u00edcie, assegurant que el teu Meridian es mantindr\u00e0 com a pe\u00e7a central a casa teva durant els propers anys. L&#8217;acabat s&#8217;aplica amb precisi\u00f3, ressaltant cada corba i l\u00ednia de la fusta sense emmascarar el seu car\u00e0cter inherent.<\/p>\n<p class=\"whitespace-pre-wrap break-words\">Cada Meridian \u00e9s una pe\u00e7a \u00fanica, que reflecteix la naturalesa individual dels materials. Des de la selecci\u00f3 inicial de la fusta fins al muntatge final, cada taula representa un comprom\u00eds inquebrantable amb la qualitat.<\/p>\n","protected":false},"excerpt":{"rendered":"<p>La taula de centre Meridian exemplifica aix\u00f2, combinant la rica calidesa de la noguera i l&#8217;aur\u00f3 amb les elegants potes met\u00e0l\u00b7liques triangulars per a un equilibri perfecte de disseny natural i industrial. Elaborats amb cura, els nostres artesans seleccionen fustes dures de primera qualitat pels seus patrons de gra \u00fanics i la seva integritat estructural, assegurant que cada taula \u00e9s \u00fanica. L&#8217;acabat setinat millora la bellesa natural de la fusta alhora que proporciona una protecci\u00f3 duradora, fent del Meridian una pe\u00e7a central atemporal per a la vostra llar.<\/p>\n<p>Mida: 50 cm x 100 cm x 42.5 cm (W x L x H)<\/p>\n","protected":false},"featured_media":3631,"comment_status":"open","ping_status":"closed","template":"","meta":{"iawp_total_views":81},"product_brand":[],"product_cat":[125,76],"product_tag":[],"class_list":{"0":"post-3645","1":"product","2":"type-product","3":"status-publish","4":"has-post-thumbnail","6":"product_cat-interior-ca","7":"product_cat-mobles","9":"first","10":"instock","11":"sold-individually","12":"taxable","13":"shipping-taxable","14":"purchasable","15":"product-type-simple"},"_links":{"self":[{"href":"https:\/\/pyremade.com\/ca\/wp-json\/wp\/v2\/product\/3645","targetHints":{"allow":["GET"]}}],"collection":[{"href":"https:\/\/pyremade.com\/ca\/wp-json\/wp\/v2\/product"}],"about":[{"href":"https:\/\/pyremade.com\/ca\/wp-json\/wp\/v2\/types\/product"}],"replies":[{"embeddable":true,"href":"https:\/\/pyremade.com\/ca\/wp-json\/wp\/v2\/comments?post=3645"}],"wp:featuredmedia":[{"embeddable":true,"href":"https:\/\/pyremade.com\/ca\/wp-json\/wp\/v2\/media\/3631"}],"wp:attachment":[{"href":"https:\/\/pyremade.com\/ca\/wp-json\/wp\/v2\/media?parent=3645"}],"wp:term":[{"taxonomy":"product_brand","embeddable":true,"href":"https:\/\/pyremade.com\/ca\/wp-json\/wp\/v2\/product_brand?post=3645"},{"taxonomy":"product_cat","embeddable":true,"href":"https:\/\/pyremade.com\/ca\/wp-json\/wp\/v2\/product_cat?post=3645"},{"taxonomy":"product_tag","embeddable":true,"href":"https:\/\/pyremade.com\/ca\/wp-json\/wp\/v2\/product_tag?post=3645"}],"curies":[{"name":"wp","href":"https:\/\/api.w.org\/{rel}","templated":true}]}}