{"id":3438,"date":"2024-07-10T14:19:45","date_gmt":"2024-07-10T14:19:45","guid":{"rendered":"https:\/\/pyremade.com\/aviso-legal\/"},"modified":"2024-10-08T10:52:48","modified_gmt":"2024-10-08T10:52:48","slug":"aviso-legal","status":"publish","type":"page","link":"https:\/\/pyremade.com\/es\/aviso-legal\/","title":{"rendered":"Aviso legal"},"content":{"rendered":"\n<p><\/p>\n\n<h2 class=\"nm-block-heading wp-block-heading\"><strong>AVISO LEGAL  <\/strong><\/h2>\n\n<p>El presente aviso legal contiene las condiciones generales que regulan el acceso y uso del sitio web y tienda online <a href=\"https:\/\/pyremade.com\/es\/\">https:\/\/pyremade.com\/<\/a>, en adelante \u00abSITIO WEB\u00bb, propiedad y titularidad de Pyremade SL , sociedad domiciliada en <img decoding=\"async\" width=\"150\" height=\"20\" class=\"wp-image-3052\" style=\"width: 150px;\" src=\"http:\/\/pyremade.com\/wp-content\/uploads\/2024\/09\/py-ad-b-1.png\" alt=\"\"\/>, inscrita en el Registro Mercantil del Principado de Andorra con n\u00famero de registro mercantil <img decoding=\"async\" width=\"59\" height=\"20\" class=\"wp-image-3058\" style=\"width: 59px;\" src=\"http:\/\/pyremade.com\/wp-content\/uploads\/2024\/09\/py-co-b.png\" alt=\"\"\/> y n\u00famero de registro fiscal <img decoding=\"async\" width=\"75\" height=\"20\" class=\"wp-image-3064\" style=\"width: 75px;\" src=\"http:\/\/pyremade.com\/wp-content\/uploads\/2024\/09\/py-nt-b.png\" alt=\"\"\/>. El acceso al sitio WEB es gratuito y su visualizaci\u00f3n no requiere previa inscripci\u00f3n o suscripci\u00f3n. Correo electr\u00f3nico de contacto: <img loading=\"lazy\" decoding=\"async\" width=\"133\" height=\"20\" class=\"wp-image-3041\" style=\"width: 133px;\" src=\"http:\/\/pyremade.com\/wp-content\/uploads\/2024\/09\/py-em-b-6.png\" alt=\"\"\/>.  <\/p>\n\n<p>LIMITACI\u00d3N DE RESPONSABILIDAD  <\/p>\n\n<p>Pyremade SL no se hace responsable de los da\u00f1os y perjuicios producidos o que puedan producirse, cualquiera que sea su naturaleza, que se deriven del uso de la informaci\u00f3n, de las materias contenidas en la WEB y que puedan ocasionar, a t\u00edtulo enunciativo y no limitativo: errores u omisiones en los contenidos, falta de disponibilidad de la WEB o la transmisi\u00f3n de virus o programas maliciosos o lesivos en los contenidos, a pesar de haber adoptado todas las medidas tecnol\u00f3gicas necesarias para evitarlo. La informaci\u00f3n contenida en la WEB es la vigente en la fecha de su \u00faltima actualizaci\u00f3n, y Pyremade SL no garantiza la inexistencia de errores en el acceso a la WEB o en su contenido, aunque adoptar\u00e1 las medidas pertinentes para evitarlos, subsanarlos y\/o actualizarlos tan pronto como los detecte.   <\/p>\n\n<p>Pyremade SL se reserva la facultad de efectuar, en cualquier momento y sin necesidad de previo aviso, modificaciones y actualizaciones de la informaci\u00f3n contenida en la WEB, de la presentaci\u00f3n y configuraci\u00f3n de \u00e9sta y de las condiciones de acceso. Asimismo, Pyremade SL se reserva el derecho a modificar y\/o suprimir total o parcialmente los contenidos de la WEB y restringir su acceso. En caso de efectuar operaciones de mantenimiento, reparaci\u00f3n, actualizaci\u00f3n o mejora de los servicios, Pyremade SL se reserva el derecho a suspender temporalmente y sin necesidad de preaviso el acceso a la WEB.    <\/p>\n\n<p>RESPONSABILIDAD DEL USUARIO  <\/p>\n\n<p>El usuario es responsable del cumplimiento de las leyes y reglamentos vigentes y de las normas aplicables al uso que haga de los productos. No obstante, queda prohibido el uso de la WEB contrario a la buena fe, en particular y de forma no exhaustiva el uso contrario a la normativa andorrana o que vulnere derechos de terceros; la publicaci\u00f3n o transmisi\u00f3n de cualquier contenido que sea il\u00edcito; alterar o intervenir por medios fraudulentos p\u00e1ginas web personales o correos electr\u00f3nicos o sistemas de otros usuarios o terceros sin su autorizaci\u00f3n; otros contenidos que vulneren derechos de propiedad intelectual de terceros; la recogida y\/o utilizaci\u00f3n de datos personales de otros usuarios sin su consentimiento expreso o que contravenga lo dispuesto en la Ley Cualificada 29\/2021 de protecci\u00f3n de datos de car\u00e1cter personal; la utilizaci\u00f3n del servidor de correo, del dominio y de las direcciones de correo electr\u00f3nico con fines de spamming, mail bombing, suplantaci\u00f3n de la personalidad, fraude en la custodia de terceros, difusi\u00f3n de virus (troyanos, etc.) o cualquier otro tipo de actividad realizada con intenci\u00f3n fraudulenta o delictiva. Queda expresamente prohibido acceder, modificar, visualizar la configuraci\u00f3n, estructura y ficheros de los servidores del sitio WEB. Ante cualquier problema que pudiera producirse en los servidores y sistemas de seguridad de la WEB como consecuencia directa de una actuaci\u00f3n negligente del usuario, \u00e9ste responder\u00e1 civil y penalmente como corresponda. El usuario respetar\u00e1 las normas t\u00e9cnicas establecidas por el sitio WEB en la administraci\u00f3n y desarrollo de los productos utilizados de forma que no se produzca un uso abusivo que retrase los servidores y perjudique la prestaci\u00f3n de los productos o los derechos de otros usuarios.    <\/p>\n\n<p>PROPIEDAD INTELECTUAL SOBRE LOS CONTENIDOS  <\/p>\n\n<p>Todos los elementos que aparecen en el sitio WEB, sin car\u00e1cter limitativo (fotograf\u00edas, m\u00fasica, sonidos, animaciones, software, textos, nombre de dominio, marcas, informaciones y contenidos recogidos de toda la web, etc.), as\u00ed como la estructura, dise\u00f1o gr\u00e1fico y c\u00f3digo fuente, son titularidad de Pyremade SL, o en su caso, de terceros que le han cedido los correspondientes derechos de uso, que el usuario de este sitio web debe respetar, estando por lo tanto protegidos por la normativa de propiedad intelectual. No se podr\u00e1n realizar actos de reproducci\u00f3n, publicaci\u00f3n, tratamiento inform\u00e1tico, distribuci\u00f3n, difusi\u00f3n, transformaci\u00f3n, compilaci\u00f3n, modificaci\u00f3n, distribuci\u00f3n o comunicaci\u00f3n p\u00fablica total o parcial del sitio WEB sin el previo consentimiento por escrito de Pyremade SL. El acceso por el usuario a los contenidos y servicios del sitio WEB no implica ning\u00fan derecho sobre su transmisi\u00f3n, cesi\u00f3n, utilizaci\u00f3n, alteraci\u00f3n, explotaci\u00f3n, reproducci\u00f3n, distribuci\u00f3n o comunicaci\u00f3n p\u00fablica, objeto de propiedad intelectual, sin la previa y expresa autorizaci\u00f3n espec\u00edficamente otorgada a tal efecto por parte de Pyremade SL o del tercero titular de los derechos, en su caso. Los usuarios del sitio WEB \u00fanicamente podr\u00e1n realizar un uso privado y personal de los contenidos, es decir, \u00fanicamente tendr\u00e1n derecho a visualizar y realizar copias de los contenidos para su uso personal y exclusivo y deber\u00e1n aplicar estos derechos en base a los principios de buena fe y la normativa aplicable.   <\/p>\n","protected":false},"excerpt":{"rendered":"<p>AVISO LEGAL El presente aviso legal contiene las condiciones generales que regulan el acceso y uso del sitio web y tienda online https:\/\/pyremade.com\/, en adelante \u00abSITIO WEB\u00bb, propiedad y titularidad de Pyremade SL , sociedad domiciliada en , inscrita en el Registro Mercantil del Principado de Andorra con n\u00famero de registro mercantil y n\u00famero de &hellip;<\/p>\n","protected":false},"author":1,"featured_media":0,"parent":0,"menu_order":0,"comment_status":"closed","ping_status":"closed","template":"","meta":{"iawp_total_views":1,"footnotes":""},"class_list":["post-3438","page","type-page","status-publish","hentry"],"_links":{"self":[{"href":"https:\/\/pyremade.com\/es\/wp-json\/wp\/v2\/pages\/3438","targetHints":{"allow":["GET"]}}],"collection":[{"href":"https:\/\/pyremade.com\/es\/wp-json\/wp\/v2\/pages"}],"about":[{"href":"https:\/\/pyremade.com\/es\/wp-json\/wp\/v2\/types\/page"}],"author":[{"embeddable":true,"href":"https:\/\/pyremade.com\/es\/wp-json\/wp\/v2\/users\/1"}],"replies":[{"embeddable":true,"href":"https:\/\/pyremade.com\/es\/wp-json\/wp\/v2\/comments?post=3438"}],"version-history":[{"count":1,"href":"https:\/\/pyremade.com\/es\/wp-json\/wp\/v2\/pages\/3438\/revisions"}],"predecessor-version":[{"id":3439,"href":"https:\/\/pyremade.com\/es\/wp-json\/wp\/v2\/pages\/3438\/revisions\/3439"}],"wp:attachment":[{"href":"https:\/\/pyremade.com\/es\/wp-json\/wp\/v2\/media?parent=3438"}],"curies":[{"name":"wp","href":"https:\/\/api.w.org\/{rel}","templated":true}]}}