{"id":2794,"date":"2023-11-16T13:41:26","date_gmt":"2023-11-16T13:41:26","guid":{"rendered":"https:\/\/pyremade.com\/prog\/product\/corba-soporte-angular\/"},"modified":"2024-10-07T09:52:12","modified_gmt":"2024-10-07T09:52:12","slug":"corba-soporte-angular","status":"publish","type":"product","link":"https:\/\/pyremade.com\/es\/producto\/corba-soporte-angular\/","title":{"rendered":"Corba | Soporte Angular"},"content":{"rendered":"<p>Eleva el dise\u00f1o de tu interior con Corba, una innovadora soluci\u00f3n de almacenaje que reimagina el concepto tradicional de estanter\u00eda. Este llamativo mueble combina a la perfecci\u00f3n forma y funcionalidad, ofreciendo una nueva visi\u00f3n de organizaci\u00f3n y exposici\u00f3n. Fabricada en madera de pino de primera calidad, la estanter\u00eda Corba tiene una distintiva estructura de tres niveles que caen en cascada en una formaci\u00f3n angular. Cada nivel ofrece un amplio espacio para exhibir tus piezas decorativas o almacenar objetos cotidianos, por lo que es un complemento ideal para cualquier habitaci\u00f3n de tu casa. Los c\u00e1lidos tonos de madera natural de la estanter\u00eda y su suave acabado satinado desprenden una est\u00e9tica contempor\u00e1nea pero atemporal que complementa una gran variedad de estilos decorativos. Una de las caracter\u00edsticas m\u00e1s ingeniosas de Corba es su base giratoria opcional. Este pr\u00e1ctico accesorio permite acceder f\u00e1cilmente a todos los lados de la estanter\u00eda, perfecto para quienes adoran renovar con frecuencia sus exposiciones o necesitan acceder r\u00e1pidamente a los objetos desde distintos \u00e1ngulos. Tanto si la colocas en un rinc\u00f3n de lectura acogedor, junto a la cama o como elemento decorativo en el sal\u00f3n, Corba se adapta sin esfuerzo a tus necesidades. Pero esta estanter\u00eda no es s\u00f3lo almacenamiento: tambi\u00e9n est\u00e1 dise\u00f1ado pensando en la naturaleza. Su inteligente configuraci\u00f3n crea un entorno ideal para el crecimiento de las plantas, animando a tus amigos verdes a prosperar. Esta caracter\u00edstica \u00fanica te permite incorporar a la perfecci\u00f3n elementos vivos a tu decoraci\u00f3n, aportando un soplo de aire fresco y un toque de naturaleza a tu espacio vital. Vers\u00e1til, elegante y cuidadosamente dise\u00f1ada, Corba es algo m\u00e1s que un mueble: es un lienzo para tu creatividad y un testimonio de vida inteligente y moderna.<\/p>\n","protected":false},"excerpt":{"rendered":"<div class=\"flex flex-grow flex-col max-w-full\">\n<div class=\"min-h-[20px] text-message flex flex-col items-start gap-3 whitespace-pre-wrap break-words [.text-message+&amp;]:mt-5 overflow-x-auto\" data-message-author-role=\"assistant\" data-message-id=\"6b9d8787-2ec5-4250-aba3-f8b1af483afc\">\n<div class=\"markdown prose w-full break-words dark:prose-invert light\">\n<div class=\"flex flex-grow flex-col max-w-full\">\n<div class=\"min-h-[20px] text-message flex flex-col items-start gap-3 whitespace-pre-wrap break-words [.text-message+&amp;]:mt-5 overflow-x-auto\" data-message-author-role=\"assistant\" data-message-id=\"5c611f61-2e40-43d4-961c-4d3134c9b920\">\n<div class=\"markdown prose w-full break-words dark:prose-invert light\">Corba es una vers\u00e1til estanter\u00eda de pino de tres niveles que aporta una mezcla \u00fanica de estilo y funcionalidad a tu espacio. Perfecta para tener siempre cerca los imprescindibles de tu mesita de noche, libros, objetos decorativos o para organizar tus plantas. Presenta un llamativo dise\u00f1o angular con un tono c\u00e1lido y acabado satinado. Opta por una base giratoria para mayor comodidad. Adem\u00e1s, su innovador dise\u00f1o favorece el crecimiento de las plantas, integrando un toque de naturaleza en tu hogar. Tama\u00f1o con base giratoria 435 x 595 mm (\u2300 x A). Tama\u00f1o sin base giratoria: 435 x 576 mm (\u2300 x A)<\/div>\n<\/div>\n<\/div>\n<\/div>\n<\/div>\n<\/div>\n","protected":false},"featured_media":2904,"comment_status":"closed","ping_status":"closed","template":"","meta":{"iawp_total_views":131},"product_brand":[],"product_cat":[83],"product_tag":[],"class_list":{"0":"post-2794","1":"product","2":"type-product","3":"status-publish","4":"has-post-thumbnail","6":"product_cat-muebles","8":"first","9":"instock","10":"taxable","11":"shipping-taxable","12":"purchasable","13":"product-type-variable","14":"has-default-attributes"},"_links":{"self":[{"href":"https:\/\/pyremade.com\/es\/wp-json\/wp\/v2\/product\/2794","targetHints":{"allow":["GET"]}}],"collection":[{"href":"https:\/\/pyremade.com\/es\/wp-json\/wp\/v2\/product"}],"about":[{"href":"https:\/\/pyremade.com\/es\/wp-json\/wp\/v2\/types\/product"}],"replies":[{"embeddable":true,"href":"https:\/\/pyremade.com\/es\/wp-json\/wp\/v2\/comments?post=2794"}],"wp:featuredmedia":[{"embeddable":true,"href":"https:\/\/pyremade.com\/es\/wp-json\/wp\/v2\/media\/2904"}],"wp:attachment":[{"href":"https:\/\/pyremade.com\/es\/wp-json\/wp\/v2\/media?parent=2794"}],"wp:term":[{"taxonomy":"product_brand","embeddable":true,"href":"https:\/\/pyremade.com\/es\/wp-json\/wp\/v2\/product_brand?post=2794"},{"taxonomy":"product_cat","embeddable":true,"href":"https:\/\/pyremade.com\/es\/wp-json\/wp\/v2\/product_cat?post=2794"},{"taxonomy":"product_tag","embeddable":true,"href":"https:\/\/pyremade.com\/es\/wp-json\/wp\/v2\/product_tag?post=2794"}],"curies":[{"name":"wp","href":"https:\/\/api.w.org\/{rel}","templated":true}]}}