{"id":3219,"date":"2024-09-03T12:27:54","date_gmt":"2024-09-03T12:27:54","guid":{"rendered":"https:\/\/pyremade.com\/product\/verdelle\/"},"modified":"2024-11-25T20:20:10","modified_gmt":"2024-11-25T20:20:10","slug":"verdelle","status":"publish","type":"product","link":"https:\/\/pyremade.com\/es\/producto\/verdelle\/","title":{"rendered":"Verdelle"},"content":{"rendered":"<p>Con un meticuloso dise\u00f1o y fabricada con contrachapado de abedul de primera calidad, conocido por su resistencia y sus bellas vetas, esta mesa est\u00e1 hecha para durar. La elecci\u00f3n del material no s\u00f3lo garantiza la longevidad, sino que tambi\u00e9n a\u00f1ade una textura c\u00e1lida y acogedora a tu espacio. Cada capa de contrachapado est\u00e1 cuidadosamente moldeada y apilada, creando un efecto topogr\u00e1fico visualmente intrigante y t\u00e1ctilmente satisfactorio. Transforma tu sal\u00f3n con nuestra excepcional mesa de centro, una aut\u00e9ntica obra maestra que fusiona a la perfecci\u00f3n arte y mobiliario. Esta extraordinaria pieza destaca por su dise\u00f1o innovador, inspirado en los contornos ondulantes de los paisajes naturales. Cuando la luz juega sobre su superficie, crea sombras siempre cambiantes que dan vida a la pieza, como la luz del sol movi\u00e9ndose por una ladera ondulada. Esta cualidad din\u00e1mica hace que el aspecto de la mesa cambie sutilmente a lo largo del d\u00eda, ofreciendo un punto focal en constante evoluci\u00f3n en tu habitaci\u00f3n. A pesar de su naturaleza art\u00edstica, la funcionalidad no se ha visto comprometida. La superficie superior plana ofrece amplio espacio para tus tazas de caf\u00e9, libros u objetos decorativos. Su robusta construcci\u00f3n puede soportar los rigores del uso diario sin perder su elegante aspecto. Lo que distingue a esta mesa es su versatilidad. Tanto si tu estilo decorativo es moderno, r\u00fastico o ecl\u00e9ctico, esta pieza se adapta de maravilla. Puede servir como llamativo centro de mesa en un ambiente minimalista o complementar otros elementos naturales en un espacio de tem\u00e1tica m\u00e1s org\u00e1nica.<\/p>\n","protected":false},"excerpt":{"rendered":"<p>Descubre nuestra mesa de centro \u00fanica, fabricada con contrachapado de abedul de alta calidad. Su dise\u00f1o segmentado en capas imita el flujo natural de los paisajes, creando un centro de mesa visualmente impactante. Combinando funcionalidad y estilo art\u00edstico, esta mesa robusta y elegante aporta un toque de belleza inspirada en la naturaleza a tu sal\u00f3n. Cada pieza est\u00e1 cuidadosamente fabricada para garantizar tanto su durabilidad como su atractivo visual, convirti\u00e9ndola en un complemento pr\u00e1ctico y llamativo para tu hogar.<\/p>\n<p>Tama\u00f1o: 58 cm x 86 cm x 47.5 cm (W x L x H)<\/p>\n","protected":false},"featured_media":3574,"comment_status":"open","ping_status":"closed","template":"","meta":{"iawp_total_views":1},"product_brand":[],"product_cat":[83],"product_tag":[],"class_list":{"0":"post-3219","1":"product","2":"type-product","3":"status-publish","4":"has-post-thumbnail","6":"product_cat-muebles","8":"first","9":"instock","10":"sold-individually","11":"taxable","12":"shipping-taxable","13":"purchasable","14":"product-type-simple"},"_links":{"self":[{"href":"https:\/\/pyremade.com\/es\/wp-json\/wp\/v2\/product\/3219","targetHints":{"allow":["GET"]}}],"collection":[{"href":"https:\/\/pyremade.com\/es\/wp-json\/wp\/v2\/product"}],"about":[{"href":"https:\/\/pyremade.com\/es\/wp-json\/wp\/v2\/types\/product"}],"replies":[{"embeddable":true,"href":"https:\/\/pyremade.com\/es\/wp-json\/wp\/v2\/comments?post=3219"}],"wp:featuredmedia":[{"embeddable":true,"href":"https:\/\/pyremade.com\/es\/wp-json\/wp\/v2\/media\/3574"}],"wp:attachment":[{"href":"https:\/\/pyremade.com\/es\/wp-json\/wp\/v2\/media?parent=3219"}],"wp:term":[{"taxonomy":"product_brand","embeddable":true,"href":"https:\/\/pyremade.com\/es\/wp-json\/wp\/v2\/product_brand?post=3219"},{"taxonomy":"product_cat","embeddable":true,"href":"https:\/\/pyremade.com\/es\/wp-json\/wp\/v2\/product_cat?post=3219"},{"taxonomy":"product_tag","embeddable":true,"href":"https:\/\/pyremade.com\/es\/wp-json\/wp\/v2\/product_tag?post=3219"}],"curies":[{"name":"wp","href":"https:\/\/api.w.org\/{rel}","templated":true}]}}