{"id":3237,"date":"2024-06-12T14:12:21","date_gmt":"2024-06-12T14:12:21","guid":{"rendered":"https:\/\/pyremade.com\/product\/fragmento-mesa-de-centro\/"},"modified":"2024-10-23T21:43:00","modified_gmt":"2024-10-23T21:43:00","slug":"fragmento-mesa-de-centro","status":"publish","type":"product","link":"https:\/\/pyremade.com\/es\/producto\/fragmento-mesa-de-centro\/","title":{"rendered":"Fragmento | Mesa de centro"},"content":{"rendered":"<p>No es s\u00f3lo una mesa; es una declaraci\u00f3n de visi\u00f3n art\u00edstica e ingenio pr\u00e1ctico que llama la atenci\u00f3n en cualquier habitaci\u00f3n. A primera vista, la estructura segmentada de la mesa llama la atenci\u00f3n, invitando a una inspecci\u00f3n m\u00e1s detenida. Cada segmento est\u00e1 meticulosamente elaborado para crear un conjunto armonioso, que recuerda al arte abstracto o a los contornos estratificados de un mapa topogr\u00e1fico. Este enfoque \u00fanico del dise\u00f1o da como resultado una pieza que es a la vez una superficie funcional y un elemento escult\u00f3rico en tu hogar. Nuestro dise\u00f1ador ha logrado un delicado equilibrio entre el atractivo atemporal y la innovaci\u00f3n atrevida. Las l\u00edneas limpias y la precisi\u00f3n geom\u00e9trica hablan de principios de dise\u00f1o cl\u00e1sicos, garantizando que la mesa no parecer\u00e1 fuera de lugar a medida que las tendencias vayan y vengan. Sin embargo, el atrevido concepto segmentado traspasa los l\u00edmites, atrayendo a quienes aprecian los muebles vanguardistas y no temen hacer una declaraci\u00f3n de intenciones. La versatilidad de la mesa es uno de sus puntos fuertes. En un ambiente minimalista, puede ser el centro de atenci\u00f3n de la habitaci\u00f3n. En un espacio m\u00e1s ecl\u00e9ctico, complementa otras piezas \u00fanicas, contribuyendo a un entorno cohesionado pero din\u00e1mico. Tanto si organizas una velada sofisticada como si disfrutas de una tranquila velada en casa, esta mesa de centro segmentada se adapta a tus necesidades, al tiempo que se convierte en una audaz declaraci\u00f3n de dise\u00f1o.<\/p>\n","protected":false},"excerpt":{"rendered":"<p>Nuestra mesa de centro segmentada presume de un dise\u00f1o atemporal pero atrevido que traspasa los l\u00edmites del mobiliario convencional. Su estructura cuidadosamente dividida no s\u00f3lo crea un aspecto visualmente impactante, sino que tambi\u00e9n pone de manifiesto su funcionalidad. Esta atrevida pieza sirve de cautivador punto focal en los interiores modernos, combinando a la perfecci\u00f3n un dise\u00f1o innovador con un pr\u00e1ctico uso cotidiano.<\/p>\n","protected":false},"featured_media":2873,"comment_status":"closed","ping_status":"closed","template":"","meta":{"iawp_total_views":5},"product_brand":[],"product_cat":[83],"product_tag":[],"class_list":{"0":"post-3237","1":"product","2":"type-product","3":"status-publish","4":"has-post-thumbnail","6":"product_cat-muebles","8":"first","9":"outofstock","10":"taxable","11":"shipping-taxable","12":"purchasable","13":"product-type-simple"},"_links":{"self":[{"href":"https:\/\/pyremade.com\/es\/wp-json\/wp\/v2\/product\/3237","targetHints":{"allow":["GET"]}}],"collection":[{"href":"https:\/\/pyremade.com\/es\/wp-json\/wp\/v2\/product"}],"about":[{"href":"https:\/\/pyremade.com\/es\/wp-json\/wp\/v2\/types\/product"}],"replies":[{"embeddable":true,"href":"https:\/\/pyremade.com\/es\/wp-json\/wp\/v2\/comments?post=3237"}],"wp:featuredmedia":[{"embeddable":true,"href":"https:\/\/pyremade.com\/es\/wp-json\/wp\/v2\/media\/2873"}],"wp:attachment":[{"href":"https:\/\/pyremade.com\/es\/wp-json\/wp\/v2\/media?parent=3237"}],"wp:term":[{"taxonomy":"product_brand","embeddable":true,"href":"https:\/\/pyremade.com\/es\/wp-json\/wp\/v2\/product_brand?post=3237"},{"taxonomy":"product_cat","embeddable":true,"href":"https:\/\/pyremade.com\/es\/wp-json\/wp\/v2\/product_cat?post=3237"},{"taxonomy":"product_tag","embeddable":true,"href":"https:\/\/pyremade.com\/es\/wp-json\/wp\/v2\/product_tag?post=3237"}],"curies":[{"name":"wp","href":"https:\/\/api.w.org\/{rel}","templated":true}]}}