{"id":3655,"date":"2024-11-19T19:39:21","date_gmt":"2024-11-19T19:39:21","guid":{"rendered":"https:\/\/pyremade.com\/product\/meridian\/"},"modified":"2024-11-19T19:39:21","modified_gmt":"2024-11-19T19:39:21","slug":"meridian","status":"publish","type":"product","link":"https:\/\/pyremade.com\/es\/producto\/meridian\/","title":{"rendered":"Meridian"},"content":{"rendered":"<p class=\"whitespace-pre-wrap break-words\">En Pyremade, creemos que los muebles son m\u00e1s que un objeto: son una narraci\u00f3n de artesan\u00eda, dise\u00f1o y armon\u00eda de materiales. La mesa de centro Meridian encarna esta filosof\u00eda, fusionando la rica calidez del nogal y el arce con elementos arquitect\u00f3nicos contempor\u00e1neos. <\/p>\n<p class=\"whitespace-pre-wrap break-words\">Elaborada con meticulosa atenci\u00f3n, cada mesa Meridian comienza con una cuidadosa selecci\u00f3n de maderas nobles de primera calidad. El nogal y el arce se eligen no s\u00f3lo por su integridad estructural, sino por sus veteados \u00fanicos: cada tabla cuenta su propia historia de crecimiento y car\u00e1cter. Cada tabla se selecciona a mano, garantizando que s\u00f3lo las piezas m\u00e1s excepcionales pasen a formar parte de tu espacio vital.  <\/p>\n<p class=\"whitespace-pre-wrap break-words\">Las caracter\u00edsticas patas triangulares de metal son m\u00e1s que una declaraci\u00f3n de dise\u00f1o, ya que proporcionan una estabilidad \u00f3ptima a la vez que crean una sensaci\u00f3n de ligereza; estos soportes geom\u00e9tricos elevan la mesa tanto literal como est\u00e9ticamente. Las l\u00edneas fr\u00edas y modernas del metal crean un llamativo contraste con la calidez org\u00e1nica de la madera, representando un di\u00e1logo perfecto entre dise\u00f1o natural e industrial. <\/p>\n<p class=\"whitespace-pre-wrap break-words\">Un acabado satinado transforma la superficie de la madera, revelando intrincados patrones de veteado con un brillo sutil y sofisticado. Esta t\u00e9cnica no s\u00f3lo realza la belleza natural de la madera, sino que protege la superficie, garantizando que tu Meridian siga siendo la pieza central de tu hogar durante a\u00f1os. El acabado se aplica con precisi\u00f3n, resaltando cada curva y l\u00ednea de la madera sin ocultar su car\u00e1cter inherente.  <\/p>\n<p class=\"whitespace-pre-wrap break-words\">Cada Meridian es una pieza \u00fanica, que refleja la naturaleza individual de los materiales. Desde la selecci\u00f3n inicial de la madera hasta el montaje final, cada mesa representa un compromiso inquebrantable con la calidad. <\/p>\n","protected":false},"excerpt":{"rendered":"<p>La mesa de centro Meridian lo ejemplifica, mezclando la rica calidez del nogal y el arce con elegantes patas triangulares de metal para lograr un equilibrio perfecto entre dise\u00f1o natural e industrial. Fabricadas con esmero, nuestros artesanos seleccionan maderas nobles de primera calidad por sus vetas \u00fanicas y su integridad estructural, garantizando que cada mesa sea \u00fanica. El acabado satinado realza la belleza natural de la madera a la vez que proporciona una protecci\u00f3n duradera, haciendo de la Meridian una pieza central atemporal para tu hogar. Tama\u00f1o: 50 cm x 100 cm x 42,5 cm (ancho x largo x alto)<\/p>\n","protected":false},"featured_media":3633,"comment_status":"open","ping_status":"closed","template":"","meta":{"iawp_total_views":145},"product_brand":[],"product_cat":[128,83],"product_tag":[],"class_list":{"0":"post-3655","1":"product","2":"type-product","3":"status-publish","4":"has-post-thumbnail","6":"product_cat-interior-es","7":"product_cat-muebles","9":"first","10":"instock","11":"sold-individually","12":"taxable","13":"shipping-taxable","14":"purchasable","15":"product-type-simple"},"_links":{"self":[{"href":"https:\/\/pyremade.com\/es\/wp-json\/wp\/v2\/product\/3655","targetHints":{"allow":["GET"]}}],"collection":[{"href":"https:\/\/pyremade.com\/es\/wp-json\/wp\/v2\/product"}],"about":[{"href":"https:\/\/pyremade.com\/es\/wp-json\/wp\/v2\/types\/product"}],"replies":[{"embeddable":true,"href":"https:\/\/pyremade.com\/es\/wp-json\/wp\/v2\/comments?post=3655"}],"wp:featuredmedia":[{"embeddable":true,"href":"https:\/\/pyremade.com\/es\/wp-json\/wp\/v2\/media\/3633"}],"wp:attachment":[{"href":"https:\/\/pyremade.com\/es\/wp-json\/wp\/v2\/media?parent=3655"}],"wp:term":[{"taxonomy":"product_brand","embeddable":true,"href":"https:\/\/pyremade.com\/es\/wp-json\/wp\/v2\/product_brand?post=3655"},{"taxonomy":"product_cat","embeddable":true,"href":"https:\/\/pyremade.com\/es\/wp-json\/wp\/v2\/product_cat?post=3655"},{"taxonomy":"product_tag","embeddable":true,"href":"https:\/\/pyremade.com\/es\/wp-json\/wp\/v2\/product_tag?post=3655"}],"curies":[{"name":"wp","href":"https:\/\/api.w.org\/{rel}","templated":true}]}}