{"id":3448,"date":"2024-07-10T14:19:45","date_gmt":"2024-07-10T14:19:45","guid":{"rendered":"https:\/\/pyremade.com\/avertissement-juridique\/"},"modified":"2024-10-08T11:12:50","modified_gmt":"2024-10-08T11:12:50","slug":"avertissement-juridique","status":"publish","type":"page","link":"https:\/\/pyremade.com\/fr\/avertissement-juridique\/","title":{"rendered":"Avertissement juridique"},"content":{"rendered":"\n<p><\/p>\n\n<h2 class=\"nm-block-heading wp-block-heading\"><strong>AVERTISSEMENT L\u00c9GAL  <\/strong><\/h2>\n\n<p>Le pr\u00e9sent avis juridique contient les conditions g\u00e9n\u00e9rales d&rsquo;acc\u00e8s et d&rsquo;utilisation du site Web et de la boutique en ligne <a href=\"https:\/\/pyremade.com\/fr\/\">https:\/\/pyremade.com\/<\/a>, ci-apr\u00e8s d\u00e9nomm\u00e9 \u00ab\u00a0SITE WEB\u00a0\u00bb, propri\u00e9t\u00e9 de Pyremade SL , soci\u00e9t\u00e9 domicili\u00e9e \u00e0 Cam\u00ed Vell, 3 &#8211; AD400 Erts, inscrite au registre des soci\u00e9t\u00e9s de la Principaut\u00e9 d&rsquo;Andorre sous le num\u00e9ro d&rsquo;immatriculation au registre du commerce 934267C et sous le num\u00e9ro d&rsquo;immatriculation fiscale L-718281-W. L&rsquo;acc\u00e8s au site WEB est gratuit et sa consultation ne n\u00e9cessite aucune inscription ou abonnement pr\u00e9alable. Courriel de contact : pyremade@gmail.com.  <\/p>\n\n<p>LIMITATION DE LA RESPONSABILIT\u00c9  <\/p>\n\n<p>Pyremade SL n&rsquo;est pas responsable des dommages caus\u00e9s ou pouvant survenir, de toute nature, qui d\u00e9rivent de l&rsquo;utilisation de l&rsquo;information, du contenu du site WEB et qui pourraient causer, \u00e0 titre \u00e9nonciatif et non limitatif : des erreurs ou des omissions dans les contenus, le manque de disponibilit\u00e9 du site WEB ou la transmission de virus ou de programmes malveillants ou nuisibles dans les contenus, malgr\u00e9 l&rsquo;adoption de toutes les mesures technologiques n\u00e9cessaires pour l&rsquo;\u00e9viter. L&rsquo;information contenue dans le site Web est \u00e0 jour \u00e0 la date de la derni\u00e8re mise \u00e0 jour, et Pyremade SL ne garantit pas l&rsquo;absence d&rsquo;erreurs dans l&rsquo;acc\u00e8s au site Web ou dans le contenu, mais prendra les mesures n\u00e9cessaires pour les \u00e9viter, les corriger et\/ou les mettre \u00e0 jour d\u00e8s qu&rsquo;elles seront d\u00e9tect\u00e9es.   <\/p>\n\n<p>Pyremade SL se r\u00e9serve le droit de modifier et de mettre \u00e0 jour l&rsquo;information contenue dans le site Web, sa pr\u00e9sentation et sa configuration, ainsi que les conditions d&rsquo;acc\u00e8s, sans pr\u00e9avis et \u00e0 tout moment. De m\u00eame, Pyremade SL se r\u00e9serve le droit de modifier et\/ou d&rsquo;omettre tout ou partie du contenu du site WEB et d&rsquo;en restreindre l&rsquo;acc\u00e8s. Dans le cas o\u00f9 des op\u00e9rations de maintenance, de r\u00e9paration, de mise \u00e0 jour ou d&rsquo;am\u00e9lioration des services devraient \u00eatre effectu\u00e9es, Pyremade SL se r\u00e9serve le droit de suspendre temporairement l&rsquo;acc\u00e8s au site WEB sans avis pr\u00e9alable.    <\/p>\n\n<p>RESPONSABILIT\u00c9 DE L&rsquo;UTILISATEUR  <\/p>\n\n<p>L&rsquo;utilisateur est responsable du respect des lois et r\u00e8glements en vigueur et des r\u00e8gles applicables \u00e0 l&rsquo;utilisation faite des produits. Toutefois, l&rsquo;utilisation du WEB contraire \u00e0 la bonne foi est interdite, notamment et de mani\u00e8re non exhaustive : l&rsquo;utilisation contraire \u00e0 la r\u00e9glementation andorrane ou qui porte atteinte aux droits de tiers ; la publication ou la transmission de tout contenu ill\u00e9gal ; l&rsquo;alt\u00e9ration ou l&rsquo;intervention par des moyens frauduleux de pages web personnelles ou de courriers \u00e9lectroniques ou de syst\u00e8mes d&rsquo;autres utilisateurs ou de tiers sans leur autorisation ; d&rsquo;autres contenus qui violent les droits de propri\u00e9t\u00e9 intellectuelle de tiers ; la collecte et\/ou l&rsquo;utilisation de donn\u00e9es personnelles d&rsquo;autres utilisateurs sans leur consentement expr\u00e8s ou en violation des dispositions de la loi qualifi\u00e9e 29\/2021 relative \u00e0 la protection des donn\u00e9es personnelles ; l&rsquo;utilisation du serveur de messagerie, du domaine et des adresses \u00e9lectroniques \u00e0 des fins de spamming, de mail bombing, d&rsquo;usurpation d&rsquo;identit\u00e9, de fraude \u00e0 la garde de tiers, de diffusion de virus (chevaux de Troie, etc.) ou de tout autre type d&rsquo;activit\u00e9 exerc\u00e9e par des tiers ou par des tiers.) ou tout autre type d&rsquo;activit\u00e9 r\u00e9alis\u00e9e dans un but frauduleux ou criminel. Il est express\u00e9ment interdit d&rsquo;acc\u00e9der, de modifier, de visualiser la configuration, la structure et les fichiers des serveurs du site WEB. Face \u00e0 tout probl\u00e8me qui pourrait survenir dans les serveurs et les syst\u00e8mes de s\u00e9curit\u00e9 du site WEB en cons\u00e9quence directe d&rsquo;une action n\u00e9gligente de l&rsquo;utilisateur, ce dernier sera tenu responsable de la responsabilit\u00e9 civile et p\u00e9nale correspondante. L&rsquo;utilisateur respectera les normes techniques \u00e9tablies par le site WEB dans l&rsquo;administration et le d\u00e9veloppement des produits utilis\u00e9s afin qu&rsquo;il n&rsquo;y ait pas d&rsquo;utilisation abusive qui retarde les serveurs et endommage la fourniture des produits ou les droits des autres utilisateurs.    <\/p>\n\n<p>PROPRI\u00c9T\u00c9 INTELLECTUELLE SUR LE CONTENU  <\/p>\n\n<p>Tous les \u00e9l\u00e9ments qui apparaissent sur le site WEB, sans limitation (photographies, musique, sons, animations, logiciels, textes, nom de domaine, marques, informations et contenus recueillis sur l&rsquo;ensemble du web, etc.), ainsi que la structure, la conception graphique et le code source sont la propri\u00e9t\u00e9 de Pyremade SL ou, le cas \u00e9ch\u00e9ant, de tiers qui ont c\u00e9d\u00e9 les droits d&rsquo;utilisation correspondants, que l&rsquo;utilisateur de ce site Web doit respecter, et qui sont donc prot\u00e9g\u00e9s par la r\u00e9glementation en mati\u00e8re de propri\u00e9t\u00e9 intellectuelle. Les actes de reproduction, de publication, de traitement informatique, de distribution, de diffusion, de transformation, de compilation, de modification, de distribution ou de communication publique, totaux ou partiels, du site WEB ne peuvent \u00eatre r\u00e9alis\u00e9s sans l&rsquo;autorisation \u00e9crite pr\u00e9alable de Pyremade SL. L&rsquo;acc\u00e8s de l&rsquo;utilisateur aux contenus et services du site WEB n&rsquo;implique aucun droit quant \u00e0 leur transmission, cession, utilisation, alt\u00e9ration, exploitation, reproduction, distribution ou communication publique, objet de propri\u00e9t\u00e9 intellectuelle, sans l&rsquo;autorisation pr\u00e9alable et expresse sp\u00e9cifiquement accord\u00e9e \u00e0 cet effet par Pyremade SL ou le tiers d\u00e9tenteur des droits, le cas \u00e9ch\u00e9ant. Les utilisateurs du site WEB ne pourront faire qu&rsquo;un usage priv\u00e9 et personnel de ses contenus, c&rsquo;est-\u00e0-dire qu&rsquo;ils n&rsquo;auront que le droit de visualiser et de faire des copies des contenus pour leur usage personnel et exclusif et devront appliquer ces droits sur la base des principes de bonne foi et de la r\u00e9glementation applicable.   <\/p>\n","protected":false},"excerpt":{"rendered":"<p>AVERTISSEMENT L\u00c9GAL Le pr\u00e9sent avis juridique contient les conditions g\u00e9n\u00e9rales d&rsquo;acc\u00e8s et d&rsquo;utilisation du site Web et de la boutique en ligne https:\/\/pyremade.com\/, ci-apr\u00e8s d\u00e9nomm\u00e9 \u00ab\u00a0SITE WEB\u00a0\u00bb, propri\u00e9t\u00e9 de Pyremade SL , soci\u00e9t\u00e9 domicili\u00e9e \u00e0 Cam\u00ed Vell, 3 &#8211; AD400 Erts, inscrite au registre des soci\u00e9t\u00e9s de la Principaut\u00e9 d&rsquo;Andorre sous le num\u00e9ro d&rsquo;immatriculation au &hellip;<\/p>\n","protected":false},"author":1,"featured_media":0,"parent":0,"menu_order":0,"comment_status":"closed","ping_status":"closed","template":"","meta":{"iawp_total_views":1,"footnotes":""},"class_list":["post-3448","page","type-page","status-publish","hentry"],"_links":{"self":[{"href":"https:\/\/pyremade.com\/fr\/wp-json\/wp\/v2\/pages\/3448","targetHints":{"allow":["GET"]}}],"collection":[{"href":"https:\/\/pyremade.com\/fr\/wp-json\/wp\/v2\/pages"}],"about":[{"href":"https:\/\/pyremade.com\/fr\/wp-json\/wp\/v2\/types\/page"}],"author":[{"embeddable":true,"href":"https:\/\/pyremade.com\/fr\/wp-json\/wp\/v2\/users\/1"}],"replies":[{"embeddable":true,"href":"https:\/\/pyremade.com\/fr\/wp-json\/wp\/v2\/comments?post=3448"}],"version-history":[{"count":1,"href":"https:\/\/pyremade.com\/fr\/wp-json\/wp\/v2\/pages\/3448\/revisions"}],"predecessor-version":[{"id":3449,"href":"https:\/\/pyremade.com\/fr\/wp-json\/wp\/v2\/pages\/3448\/revisions\/3449"}],"wp:attachment":[{"href":"https:\/\/pyremade.com\/fr\/wp-json\/wp\/v2\/media?parent=3448"}],"curies":[{"name":"wp","href":"https:\/\/api.w.org\/{rel}","templated":true}]}}