{"id":3450,"date":"2024-07-25T13:48:06","date_gmt":"2024-07-25T13:48:06","guid":{"rendered":"https:\/\/pyremade.com\/politique-de-confidentialite\/"},"modified":"2024-10-08T11:12:50","modified_gmt":"2024-10-08T11:12:50","slug":"politique-de-confidentialite","status":"publish","type":"page","link":"https:\/\/pyremade.com\/fr\/politique-de-confidentialite\/","title":{"rendered":"Politique de confidentialit\u00e9"},"content":{"rendered":"\n<p><\/p>\n\n<h2 class=\"wp-block-heading\"><strong>Politique de confidentialit\u00e9<\/strong><\/h2>\n\n<p>Chez Pyremade SL, votre vie priv\u00e9e et la protection de vos donn\u00e9es personnelles sont notre priorit\u00e9 absolue. Cette politique de confidentialit\u00e9 explique comment nous recueillons, utilisons, stockons et prot\u00e9geons les informations que vous fournissez lorsque vous visitez notre site Web, conform\u00e9ment \u00e0 la loi 29\/2021, du 28 octobre, qualifi\u00e9e de protection des donn\u00e9es personnelles de la Principaut\u00e9 d&rsquo;Andorre. Nous nous engageons \u00e0 garantir la protection de votre vie priv\u00e9e \u00e0 tout moment et \u00e0 respecter toutes les r\u00e9glementations applicables en mati\u00e8re de protection des donn\u00e9es. Nous vous invitons \u00e0 lire attentivement cette politique pour comprendre nos pratiques et vos droits concernant la protection de vos informations personnelles.     <\/p>\n\n<p>Le responsable du traitement de vos donn\u00e9es personnelles est Pyremade SL, dont le si\u00e8ge social est situ\u00e9 \u00e0 l&rsquo;adresse <img decoding=\"async\" style=\"width: 150px;\" src=\"http:\/\/pyremade.com\/wp-content\/uploads\/2024\/09\/py-ad-b-1.png\" alt=\"\"\/>, inscrite au registre des soci\u00e9t\u00e9s de la Principaut\u00e9 d&rsquo;Andorre sous le num\u00e9ro <img decoding=\"async\" style=\"width: 59px;\" src=\"http:\/\/pyremade.com\/wp-content\/uploads\/2024\/09\/py-co-b.png\" alt=\"\"\/>, le num\u00e9ro d&rsquo;immatriculation fiscale <img decoding=\"async\" style=\"width: 75px;\" src=\"http:\/\/pyremade.com\/wp-content\/uploads\/2024\/09\/py-nt-b.png\" alt=\"\"\/> et l&rsquo;adresse \u00e9lectronique de contact <img decoding=\"async\" style=\"width: 133px;\" src=\"http:\/\/pyremade.com\/wp-content\/uploads\/2024\/09\/py-em-b-6.png\" alt=\"\"\/>.<\/p>\n\n<p>Chez Pyremade SL, nous collectons les donn\u00e9es personnelles suivantes aupr\u00e8s de nos clients : donn\u00e9es d&rsquo;identification, donn\u00e9es commerciales et donn\u00e9es bancaires.<\/p>\n\n<ul class=\"wp-block-list\">\n<li><strong>Donn\u00e9es d&rsquo;identification :<\/strong> elles comprennent le pr\u00e9nom, le nom, l&rsquo;adresse postale, l&rsquo;adresse \u00e9lectronique et le num\u00e9ro de t\u00e9l\u00e9phone.<\/li>\n\n\n<li><strong>Donn\u00e9es commerciales :<\/strong> elles comprennent des informations sur les achats effectu\u00e9s, les pr\u00e9f\u00e9rences en mati\u00e8re de produits et l&rsquo;historique des commandes.<\/li>\n\n\n<li><strong>Coordonn\u00e9es bancaires :<\/strong> elles comprennent les informations relatives au paiement, telles que le num\u00e9ro de la carte de cr\u00e9dit ou de d\u00e9bit, les coordonn\u00e9es du compte bancaire et d&rsquo;autres informations n\u00e9cessaires au traitement des paiements.<\/li>\n<\/ul>\n\n<p>Le traitement de ces donn\u00e9es a pour but la gestion des commandes, la facturation, l&rsquo;envoi de communications commerciales et promotionnelles et l&rsquo;am\u00e9lioration de nos services. La base juridique du traitement de ces donn\u00e9es est l&rsquo;ex\u00e9cution d&rsquo;un contrat, le respect des obligations l\u00e9gales et le consentement du client pour l&rsquo;envoi de communications commerciales, conform\u00e9ment \u00e0 la loi 29\/2021, du 28 octobre, qualifi\u00e9e pour la protection des donn\u00e9es personnelles de la Principaut\u00e9 d&rsquo;Andorre. Les donn\u00e9es seront conserv\u00e9es pendant le temps n\u00e9cessaire \u00e0 l&rsquo;accomplissement des finalit\u00e9s susmentionn\u00e9es et conform\u00e9ment aux d\u00e9lais l\u00e9gaux applicables. Une fois ces d\u00e9lais \u00e9coul\u00e9s, les donn\u00e9es seront supprim\u00e9es en toute s\u00e9curit\u00e9.     <\/p>\n\n<p><strong>POLITIQUE EN MATI\u00c8RE DE COOKIES  <\/strong><\/p>\n\n<p>Chez Pyremade SL, nous utilisons des cookies pour am\u00e9liorer l&rsquo;exp\u00e9rience de navigation de nos utilisateurs sur notre site Web, ainsi que pour analyser le trafic et personnaliser le contenu. Cette politique explique ce que sont les cookies, comment nous les utilisons et comment vous pouvez les g\u00e9rer, conform\u00e9ment \u00e0 la r\u00e9glementation andorrane en vigueur sur les cookies et la protection des donn\u00e9es, en particulier la loi 29\/2021, du 28 octobre, qualifi\u00e9e de protection des donn\u00e9es personnelles de la Principaut\u00e9 d&rsquo;Andorre.   <\/p>\n\n<p><strong>Qu&rsquo;est-ce qu&rsquo;un biscuit ?<\/strong><\/p>\n\n<p>Les cookies sont de petits fichiers texte qui sont t\u00e9l\u00e9charg\u00e9s sur votre appareil lorsque vous visitez un site web. Ils permettent au site web de reconna\u00eetre votre appareil et de m\u00e9moriser des informations relatives \u00e0 votre visite, telles que vos pr\u00e9f\u00e9rences linguistiques et d&rsquo;autres param\u00e8tres.   <\/p>\n\n<p><strong>Types de cookies que nous utilisons<\/strong><\/p>\n\n<ul class=\"wp-block-list\">\n<li><strong>Cookies strictement n\u00e9cessaires :<\/strong> Ils sont essentiels au fonctionnement du site web et permettent l&rsquo;utilisation de fonctionnalit\u00e9s de base. Sans ces cookies, le site web ne fonctionnerait pas correctement.   <\/li>\n\n\n<li><strong>Cookies de performance :<\/strong> Ils collectent des informations sur la mani\u00e8re dont les utilisateurs utilisent le site web, par exemple les pages les plus souvent visit\u00e9es. Ces informations nous aident \u00e0 am\u00e9liorer le fonctionnement du site web.   <\/li>\n\n\n<li><strong>Cookies de fonctionnalit\u00e9 :<\/strong> Ils nous permettent de nous souvenir de vos pr\u00e9f\u00e9rences et de vous offrir des fonctionnalit\u00e9s am\u00e9lior\u00e9es et personnalis\u00e9es, telles que la m\u00e9morisation de votre nom d&rsquo;utilisateur ou de la langue s\u00e9lectionn\u00e9e.<\/li>\n\n\n<li><strong>Cookies publicitaires et de m\u00e9dias sociaux :<\/strong> Utilis\u00e9s pour proposer des publicit\u00e9s plus pertinentes pour vous et vos centres d&rsquo;int\u00e9r\u00eat. Ils permettent \u00e9galement de partager du contenu sur les r\u00e9seaux sociaux.   <\/li>\n<\/ul>\n\n<p><strong>Comment g\u00e9rer les cookies ?<\/strong><\/p>\n\n<p>Vous pouvez g\u00e9rer les cookies par le biais des param\u00e8tres de votre navigateur. La plupart des navigateurs vous permettent de refuser ou d&rsquo;accepter les cookies, ainsi que de supprimer les cookies d\u00e9j\u00e0 stock\u00e9s. Veuillez noter que si vous bloquez ou supprimez les cookies, certaines fonctionnalit\u00e9s de notre site web risquent de ne pas fonctionner correctement.    <\/p>\n\n<p><strong>Consentement \u00e0 l&rsquo;utilisation de cookies<\/strong><\/p>\n\n<p>En utilisant notre site web, vous acceptez l&rsquo;utilisation de cookies conform\u00e9ment \u00e0 la pr\u00e9sente politique en mati\u00e8re de cookies. Vous pouvez retirer votre consentement \u00e0 tout moment en modifiant les param\u00e8tres de votre navigateur.   <\/p>\n\n<p><strong>Mises \u00e0 jour de la politique en mati\u00e8re de cookies<\/strong><\/p>\n\n<p>Cette politique en mati\u00e8re de cookies peut \u00eatre mise \u00e0 jour \u00e0 tout moment pour refl\u00e9ter les changements dans nos pratiques ou la l\u00e9gislation en vigueur. Nous vous recommandons de consulter r\u00e9guli\u00e8rement cette page pour vous tenir inform\u00e9 de la mani\u00e8re dont nous utilisons les cookies.   <\/p>\n\n<p>Pour toute question concernant notre politique en mati\u00e8re de cookies, vous pouvez nous contacter \u00e0 l&rsquo;adresse suivante : <img decoding=\"async\" style=\"width: 133px;\" src=\"http:\/\/pyremade.com\/wp-content\/uploads\/2024\/09\/py-em-b-6.png\" alt=\"\"\/>.<\/p>\n","protected":false},"excerpt":{"rendered":"<p>Politique de confidentialit\u00e9 Chez Pyremade SL, votre vie priv\u00e9e et la protection de vos donn\u00e9es personnelles sont notre priorit\u00e9 absolue. Cette politique de confidentialit\u00e9 explique comment nous recueillons, utilisons, stockons et prot\u00e9geons les informations que vous fournissez lorsque vous visitez notre site Web, conform\u00e9ment \u00e0 la loi 29\/2021, du 28 octobre, qualifi\u00e9e de protection des &hellip;<\/p>\n","protected":false},"author":1,"featured_media":0,"parent":0,"menu_order":0,"comment_status":"closed","ping_status":"closed","template":"","meta":{"iawp_total_views":1,"footnotes":""},"class_list":["post-3450","page","type-page","status-publish","hentry"],"_links":{"self":[{"href":"https:\/\/pyremade.com\/fr\/wp-json\/wp\/v2\/pages\/3450","targetHints":{"allow":["GET"]}}],"collection":[{"href":"https:\/\/pyremade.com\/fr\/wp-json\/wp\/v2\/pages"}],"about":[{"href":"https:\/\/pyremade.com\/fr\/wp-json\/wp\/v2\/types\/page"}],"author":[{"embeddable":true,"href":"https:\/\/pyremade.com\/fr\/wp-json\/wp\/v2\/users\/1"}],"replies":[{"embeddable":true,"href":"https:\/\/pyremade.com\/fr\/wp-json\/wp\/v2\/comments?post=3450"}],"version-history":[{"count":1,"href":"https:\/\/pyremade.com\/fr\/wp-json\/wp\/v2\/pages\/3450\/revisions"}],"predecessor-version":[{"id":3451,"href":"https:\/\/pyremade.com\/fr\/wp-json\/wp\/v2\/pages\/3450\/revisions\/3451"}],"wp:attachment":[{"href":"https:\/\/pyremade.com\/fr\/wp-json\/wp\/v2\/media?parent=3450"}],"curies":[{"name":"wp","href":"https:\/\/api.w.org\/{rel}","templated":true}]}}