{"id":2798,"date":"2023-11-16T13:41:26","date_gmt":"2023-11-16T13:41:26","guid":{"rendered":"https:\/\/pyremade.com\/prog\/product\/corba-angular-stand\/"},"modified":"2024-07-10T15:54:58","modified_gmt":"2024-07-10T15:54:58","slug":"corba-angular-stand","status":"publish","type":"product","link":"https:\/\/pyremade.com\/fr\/produit\/corba-angular-stand\/","title":{"rendered":"Corba | Angular Stand"},"content":{"rendered":"<div class=\"flex flex-grow flex-col max-w-full\">\n<div class=\"min-h-[20px] text-message flex flex-col items-start gap-3 whitespace-pre-wrap break-words [.text-message+&amp;]:mt-5 overflow-x-auto\" data-message-author-role=\"assistant\" data-message-id=\"6b9d8787-2ec5-4250-aba3-f8b1af483afc\">\n<div class=\"markdown prose w-full break-words dark:prose-invert light\">\n<p>Voici la \u00ab\u00a0Corba\u00a0\u00bb &#8211; une \u00e9tag\u00e8re en pin \u00e0 trois niveaux, enti\u00e8rement en bois, aussi polyvalente qu&rsquo;\u00e9l\u00e9gante. Con\u00e7ue pour ceux qui appr\u00e9cient la simplicit\u00e9 et la fonctionnalit\u00e9, la Corba est parfaite pour toute table de chevet, pour accueillir vos livres pr\u00e9f\u00e9r\u00e9s, mettre en valeur vos plantes ou exposer vos ornements les plus pr\u00e9cieux.<\/p>\n<p>Le Corba se distingue par le design angulaire unique de ses \u00e9tag\u00e8res, qui ajoute une touche d&rsquo;intrigue \u00e0 sa fonctionnalit\u00e9 simple. Sa couleur et sa finition lisse et satin\u00e9e lui conf\u00e8rent un aspect \u00e0 la fois confortable et \u00e9l\u00e9gant, qui s&rsquo;int\u00e8gre facilement \u00e0 l&rsquo;esth\u00e9tique de n&rsquo;importe quelle pi\u00e8ce.<\/p>\n<p>Pour ceux qui aiment un peu de flexibilit\u00e9, le Corba est livr\u00e9 avec une base rotative en option, ce qui vous permet d&rsquo;acc\u00e9der facilement \u00e0 vos articles.<\/p>\n<p>Mais ce n&rsquo;est pas tout : le Corba a une fonction sp\u00e9ciale pour les amateurs de plantes. Sa conception innovante favorise la croissance des plantes, permettant \u00e0 vos amis verts de se faufiler entre les \u00e9tag\u00e8res et d&rsquo;ajouter de la vie \u00e0 sa structure en bois. Que vous cherchiez \u00e0 donner du piquant \u00e0 votre chevet, \u00e0 organiser votre collection de livres ou \u00e0 cr\u00e9er un mini jardin d&rsquo;int\u00e9rieur, l&rsquo;\u00e9tag\u00e8re Corba apporte un m\u00e9lange de beaut\u00e9, de fonctionnalit\u00e9 et un soup\u00e7on de nature dans votre maison.<\/p>\n<\/div>\n<\/div>\n<\/div>\n","protected":false},"excerpt":{"rendered":"<div class=\"flex flex-grow flex-col max-w-full\">\n<div class=\"min-h-[20px] text-message flex flex-col items-start gap-3 whitespace-pre-wrap break-words [.text-message+&amp;]:mt-5 overflow-x-auto\" data-message-author-role=\"assistant\" data-message-id=\"6b9d8787-2ec5-4250-aba3-f8b1af483afc\">\n<div class=\"markdown prose w-full break-words dark:prose-invert light\">\n<div class=\"flex flex-grow flex-col max-w-full\">\n<div class=\"min-h-[20px] text-message flex flex-col items-start gap-3 whitespace-pre-wrap break-words [.text-message+&amp;]:mt-5 overflow-x-auto\" data-message-author-role=\"assistant\" data-message-id=\"5c611f61-2e40-43d4-961c-4d3134c9b920\">\n<div class=\"markdown prose w-full break-words dark:prose-invert light\">\n<p>Voici le \u00ab\u00a0Corba\u00a0\u00bb &#8211; une \u00e9tag\u00e8re polyvalente en pin \u00e0 trois niveaux qui apporte un m\u00e9lange unique de style et de fonctionnalit\u00e9 \u00e0 votre espace. Parfaite pour ranger vos accessoires de chevet, vos livres, vos plantes ou vos objets d\u00e9coratifs, elle pr\u00e9sente un design angulaire accrocheur avec une teinte chaude et une finition satin\u00e9e. Optez pour une base rotative pour plus de commodit\u00e9. De plus, son design innovant favorise la croissance des plantes, int\u00e9grant une touche de nature dans votre maison.<\/p>\n<\/div>\n<\/div>\n<\/div>\n<\/div>\n<\/div>\n<\/div>\n","protected":false},"featured_media":2903,"comment_status":"closed","ping_status":"closed","template":"","meta":{"iawp_total_views":2},"product_brand":[],"product_cat":[84],"product_tag":[],"class_list":{"0":"post-2798","1":"product","2":"type-product","3":"status-publish","4":"has-post-thumbnail","6":"product_cat-mobilier","8":"first","9":"instock","10":"taxable","11":"shipping-taxable","12":"purchasable","13":"product-type-variable","14":"has-default-attributes"},"_links":{"self":[{"href":"https:\/\/pyremade.com\/fr\/wp-json\/wp\/v2\/product\/2798","targetHints":{"allow":["GET"]}}],"collection":[{"href":"https:\/\/pyremade.com\/fr\/wp-json\/wp\/v2\/product"}],"about":[{"href":"https:\/\/pyremade.com\/fr\/wp-json\/wp\/v2\/types\/product"}],"replies":[{"embeddable":true,"href":"https:\/\/pyremade.com\/fr\/wp-json\/wp\/v2\/comments?post=2798"}],"wp:featuredmedia":[{"embeddable":true,"href":"https:\/\/pyremade.com\/fr\/wp-json\/wp\/v2\/media\/2903"}],"wp:attachment":[{"href":"https:\/\/pyremade.com\/fr\/wp-json\/wp\/v2\/media?parent=2798"}],"wp:term":[{"taxonomy":"product_brand","embeddable":true,"href":"https:\/\/pyremade.com\/fr\/wp-json\/wp\/v2\/product_brand?post=2798"},{"taxonomy":"product_cat","embeddable":true,"href":"https:\/\/pyremade.com\/fr\/wp-json\/wp\/v2\/product_cat?post=2798"},{"taxonomy":"product_tag","embeddable":true,"href":"https:\/\/pyremade.com\/fr\/wp-json\/wp\/v2\/product_tag?post=2798"}],"curies":[{"name":"wp","href":"https:\/\/api.w.org\/{rel}","templated":true}]}}